{"id":182,"date":"2011-03-25T20:03:44","date_gmt":"2011-03-25T20:03:44","guid":{"rendered":"http:\/\/www.ff-seebenstein.at\/?page_id=182"},"modified":"2024-09-08T09:18:40","modified_gmt":"2024-09-08T07:18:40","slug":"notruf","status":"publish","type":"page","link":"https:\/\/www.ff-seebenstein.at\/?page_id=182","title":{"rendered":"NOTRUF"},"content":{"rendered":"<h2 style=\"padding-left: 90px;\"><span style=\"font-family: Arial,Helvetica; color: #ff0000;\"><span style=\"color: #333333;\">EURO &#8211; NOTRUF<\/span> &nbsp; 112<a href=\"http:\/\/www.ff-seebenstein.at\/wp-content\/uploads\/2011\/03\/notruf.png\"><img loading=\"lazy\" decoding=\"async\" class=\"alignright size-medium wp-image-190\" style=\"margin-top: -15px; margin-bottom: -15px;\" title=\"notruf\" src=\"http:\/\/www.ff-seebenstein.at\/wp-content\/uploads\/2011\/03\/notruf-200x300.png\" alt=\"\" width=\"150\" height=\"250\"><\/a><\/span><\/h2>\n<h2 style=\"padding-left: 90px;\"><span style=\"font-family: Arial,Helvetica; color: #ff0000;\"><span style=\"color: #333333;\">FEUERWEHR<\/span>&nbsp;&nbsp;&nbsp;&nbsp;&nbsp;&nbsp;&nbsp;&nbsp; 122<\/span><\/h2>\n<h2 style=\"padding-left: 90px;\"><span style=\"font-family: Arial,Helvetica; color: #ff0000;\"><span style=\"color: #333333;\">POLIZEI&nbsp;<\/span>&nbsp;&nbsp;&nbsp;&nbsp;&nbsp;&nbsp;&nbsp;&nbsp;&nbsp;&nbsp;&nbsp;&nbsp;&nbsp;&nbsp;&nbsp;&nbsp; 133<\/span><\/h2>\n<h2 style=\"padding-left: 90px;\"><span style=\"font-family: Arial,Helvetica; color: #ff0000;\"><span style=\"color: #333333;\">RETTUNG<\/span>&nbsp;&nbsp;&nbsp;&nbsp;&nbsp;&nbsp;&nbsp;&nbsp;&nbsp;&nbsp;&nbsp;&nbsp;&nbsp; 144<\/span><\/h2>\n<h2 style=\"padding-left: 90px;\"><span style=\"font-family: Arial,Helvetica; color: #ff0000;\">&nbsp;<\/span><\/h2>\n<p><strong>Notruf:<\/strong><br \/>\nNotruf f\u00fcr Geh\u00f6rlose:&nbsp;<strong>0800 133 133<\/strong>&nbsp;&#8211; (\u00fcber Fax bzw. SMS aus Mobilnetzen),<\/p>\n<p><a title=\"\u00c4rztlicher Notdienst\" href=\"http:\/\/de.wikipedia.org\/wiki\/%C3%84rztlicher_Notdienst#.C3.84rztefunkdienst\">\u00c4rztefunkdienst<\/a>:&nbsp;<strong>141<\/strong>&nbsp;&#8211; (Bereitschaftsdienst praktischer \u00c4rzte au\u00dferhalb regul\u00e4rer Ordinationszeiten)<br \/>\n<a title=\"\u00d6sterreichischer Bergrettungsdienst\" href=\"http:\/\/de.wikipedia.org\/wiki\/%C3%96sterreichischer_Bergrettungsdienst\">Bergrettungsdienst<\/a>:&nbsp;<strong>140<\/strong><br \/>\nVergiftungsinformationszentrale:&nbsp;<strong>01\/406&nbsp;43&nbsp;43<\/strong><br \/>\nFrauenh\u00e4user Notruf:&nbsp;<strong>05 \/ 77 22<\/strong><br \/>\nApotheken-Notruf&nbsp;<strong>1455<\/strong><br \/>\n<strong>gef\u00e4hrliche Gebrechen:<\/strong>&nbsp;Gasnotruf:&nbsp;<strong>128<\/strong><br \/>\n<strong>soziale Notf\u00e4lle:<\/strong>&nbsp;PSI &#8211; psychosoziale Information:&nbsp;<strong>01\/313 30<\/strong>&nbsp;<a href=\"http:\/\/de.wikipedia.org\/wiki\/147_%E2%80%93_Rat_auf_Draht\">147 \u2013 Rat auf Draht<\/a>&nbsp;(Kinder- und Jugend-<a title=\"Telefonseelsorge\" href=\"http:\/\/de.wikipedia.org\/wiki\/Telefonseelsorge\">Telefonhilfe<\/a>):&nbsp;<strong>147<\/strong><br \/>\nTelefonseelsorge:&nbsp;<strong>142<\/strong><br \/>\nKiB children care:&nbsp;<strong>0664 620 30 40<\/strong>&nbsp;(Verein f\u00fcr die Begleitung und Betreuung kranker Kinder)<\/p>\n<p><strong>Pannenhilfe:<\/strong>&nbsp;<a title=\"\u00d6sterreichischer Automobil-, Motorrad- und Touring Club\" href=\"http:\/\/de.wikipedia.org\/wiki\/%C3%96sterreichischer_Automobil-,_Motorrad-_und_Touring_Club\">\u00d6AMTC<\/a>:&nbsp;<strong>120<\/strong>&nbsp;&#8211;&nbsp;<a title=\"ARB\u00d6\" href=\"http:\/\/de.wikipedia.org\/wiki\/ARB%C3%96\">ARB\u00d6<\/a>:&nbsp;<strong>123<\/strong><br \/>\n<strong>Hilfe im Ausland:<\/strong><br \/>\nAu\u00dfenministerium Wien &#8211; Serviceline (weltweit):&nbsp;<strong>+43 \/ 1 \/ 901 15 4411<\/strong>juristische, medizinische und technische Nothilfe (<a title=\"\u00d6sterreichischer Automobil-, Motorrad- und Touring Club\" href=\"http:\/\/de.wikipedia.org\/wiki\/%C3%96sterreichischer_Automobil-,_Motorrad-_und_Touring_Club\">\u00d6AMTC<\/a>):&nbsp;<strong>+43 \/ 1 \/ 25 120 00<\/strong><\/p>\n<p><strong>Sperrtelefone:<\/strong><br \/>\nMaestro (Bankomat):&nbsp;<strong>+43 \/ 1 \/ 204 88 00<\/strong>&nbsp;&#8211; Mastercard\/Visa (Pay Life):&nbsp;<strong>+43 \/ 1 \/ 717 01 45 00<\/strong>&nbsp;&#8211; Mastercard\/Visa (Card Complete):&nbsp;<strong>+43 \/ 1 \/ 711 11 770<\/strong>&nbsp;&#8211; Diners Club (Air Plus):&nbsp;<strong>+43 \/ 1 \/ 501 35 136<\/strong>&nbsp;&#8211; American Express:&nbsp;<strong>+49 \/ 69 97 97 2000<\/strong><\/p>\n<p><span style=\"font-family: Arial,Helvetica;\">&nbsp;<\/span><\/p>\n<p><span style=\"font-family: Arial,Helvetica;\">Als Merkhilfe: Die Kurzwahlnummern sind den Diensten alphabetisch zugeordnet.<\/span><\/p>\n<p><span style=\"font-family: Arial,Helvetica;\"><strong>Wer bei einer Notrufnummer anruft, sollte folgende Informationen bereithalten:<\/strong><\/span>&nbsp;<\/p>\n<p>-Wo ist der Notfall? <span style=\"font-family: Arial,Helvetica;\">(Stra\u00dfe, Hausnummer, Kilometerstein, Stockwerk, T\u00fcr, Zufahrtswege&#8230;)<\/span>&nbsp;<\/p>\n<p><span style=\"font-family: Arial,Helvetica;\">Geben Sie den genauen Ort an. Der Journaldienst in der Einsatzzentrale kennt sich in Ihrem Ort sicher nicht so gut aus, wie Sie selbst. Bedenken Sie &#8222;Hauptstra\u00dfe 11&#8220; gibt es fast in jedem Ort. Also Ort nicht vergessen! Auf Autobahnen geben Sie die Nummer der Autobahn (z.B. A1), sowie den Kilometer an ( alle 500 m stehen auf der Seite die kleinen blauen Taferl). Vergessen Sie nicht die Fahrtrichtung. Wenn Sie einen Notfall in einem Haus mit Gegensprechanlage melden, geben Sie bitte die Beschriftung der Sprechanlage an.<\/span><\/p>\n<p><span style=\"font-family: Arial,Helvetica;\">-Was ist geschehen?<\/span><\/p>\n<p><span style=\"font-family: Arial,Helvetica;\">Was brennt oder was ist passiert? Gibt es Verletzte? (z.B. Patient mit stechenden Schmerzen im Brustkorb, Atemnot.)<\/span><br \/>\n<span style=\"font-family: Arial,Helvetica;\">Brennt ein Mistk\u00fcbel oder ein Wohnhaus, wo noch Kinder drinnen sind?<\/span><br \/>\n<span style=\"font-family: Arial,Helvetica;\">Steht nur ein Auto im Weg oder ist es eine Massenkarambolage?<\/span><br \/>\n<span style=\"font-family: Arial,Helvetica;\">bei Gefahrenguttransportern (wichtig: Zahlen die auf Warentafeln aufscheinen, exakt durchgeben!)<\/span><\/p>\n<p><span style=\"font-family: Arial,Helvetica;\">&nbsp;&nbsp;&nbsp;&nbsp;&nbsp;&nbsp;&nbsp;&nbsp;&nbsp;&nbsp;&nbsp;&nbsp;&nbsp;&nbsp;&nbsp;&nbsp;&nbsp;&nbsp; -Wie viele Verletzte? (z.B. 4 Verletzte nach Autounfall.)<\/span><\/p>\n<p><span style=\"font-family: Arial,Helvetica;\">&nbsp;&nbsp;&nbsp;&nbsp;&nbsp;&nbsp;&nbsp;&nbsp;&nbsp;&nbsp;&nbsp;&nbsp;&nbsp;&nbsp;&nbsp;&nbsp;&nbsp;&nbsp;&nbsp;-Wer ruft an?&nbsp;(F\u00fcr eventuelle R\u00fcckfragen, Telefonnummer angeben)<\/span>&nbsp;<\/p>\n<p><span style=\"font-family: Arial,Helvetica;\">Bitte sprechen Sie nicht munter darauf los, sobald die Notrufstelle abhebt, sondern lassen sie sich im Gespr\u00e4ch von der Zentrale die den Notruf annimmt leiten. Diese Menschen sind psychologisch und medizinisch geschult. Sie haben ein Abfrageschema, das mit dem Einsatzcomputer verbunden ist. Legen Sie erst dann den H\u00f6rer auf, wenn die Leitstelle aufgelegt hat.<\/span><\/p>\n<p><span style=\"font-family: Arial,Helvetica;\">&nbsp;Ihr Notruf&nbsp; l\u00f6st die Hilfsma\u00dfnahmen aus. Je genauer Ihre Schilderung der Situation, desto gezielter kann Hilfe zum Unfallort geschickt werden!<\/span><\/p>\n<p><span style=\"font-family: Arial,Helvetica;\">Ein Notruf ist kostenlos und hat keinerlei Folgen (Ausnahme: Mi\u00dfbrauch) f\u00fcr den Anrufer weder rechtliche noch finanzielle. Besser der Dienst r\u00fcckt einmal vergebens aus, als einmal zu wenig.<\/span><\/p>\n<p><span style=\"font-family: Arial,Helvetica;\">Verlassen Sie sich niemals darauf, da\u00df bereits andere einen Notruf get\u00e4tigt haben.<\/span>&nbsp;<\/p>\n<p><strong><span style=\"font-family: Arial,Helvetica;\">Rufen Sie von Ihrem Handy den Euronotruf 112:<\/span><\/strong><\/p>\n<p><span style=\"font-family: Arial,Helvetica;\">Er ist geb\u00fchrenfrei, funktioniert in jedem Netz (auch andere GSM-Betreiber), und bekommt in GSM-Netzen sogar&nbsp;<strong>Vorrang<\/strong>&nbsp;vor allen anderen Gespr\u00e4chen, d.h. wenn eine GSM-Funkzelle \u00fcberlastet ist, werden andere Gespr\u00e4che beendet, damit der Notruf durchkommt.<\/span><br \/>\n<span style=\"font-family: Arial,Helvetica;\">Nebenbei funktioniert 112 auch bei eingeschalteter Tastatursperre, und auch ohne SIM-Karte im Handy.<\/span><br \/>\n<span style=\"font-family: Arial,Helvetica;\">Der Notruf kommt automatisch in die n\u00e4chstgelegene Gendarmerie- oder Polizeidienststelle. Diese veranlasst die weiteren erforderlichen Massnahmen.<\/span><\/p>\n","protected":false},"excerpt":{"rendered":"<p>EURO &#8211; NOTRUF &nbsp; 112 FEUERWEHR&nbsp;&nbsp;&nbsp;&nbsp;&nbsp;&nbsp;&nbsp;&nbsp; 122 POLIZEI&nbsp;&nbsp;&nbsp;&nbsp;&nbsp;&nbsp;&nbsp;&nbsp;&nbsp;&nbsp;&nbsp;&nbsp;&nbsp;&nbsp;&nbsp;&nbsp;&nbsp; 133 RETTUNG&nbsp;&nbsp;&nbsp;&nbsp;&nbsp;&nbsp;&nbsp;&nbsp;&nbsp;&nbsp;&nbsp;&nbsp;&nbsp; 144 &nbsp; Notruf: Notruf f\u00fcr Geh\u00f6rlose:&nbsp;0800 133 133&nbsp;&#8211; (\u00fcber Fax<\/p>\n","protected":false},"author":2,"featured_media":0,"parent":0,"menu_order":5,"comment_status":"closed","ping_status":"closed","template":"","meta":{"colormag_page_container_layout":"default_layout","colormag_page_sidebar_layout":"default_layout","ngg_post_thumbnail":0,"footnotes":""},"class_list":["post-182","page","type-page","status-publish","hentry"],"_links":{"self":[{"href":"https:\/\/www.ff-seebenstein.at\/index.php?rest_route=\/wp\/v2\/pages\/182","targetHints":{"allow":["GET"]}}],"collection":[{"href":"https:\/\/www.ff-seebenstein.at\/index.php?rest_route=\/wp\/v2\/pages"}],"about":[{"href":"https:\/\/www.ff-seebenstein.at\/index.php?rest_route=\/wp\/v2\/types\/page"}],"author":[{"embeddable":true,"href":"https:\/\/www.ff-seebenstein.at\/index.php?rest_route=\/wp\/v2\/users\/2"}],"replies":[{"embeddable":true,"href":"https:\/\/www.ff-seebenstein.at\/index.php?rest_route=%2Fwp%2Fv2%2Fcomments&post=182"}],"version-history":[{"count":12,"href":"https:\/\/www.ff-seebenstein.at\/index.php?rest_route=\/wp\/v2\/pages\/182\/revisions"}],"predecessor-version":[{"id":7528,"href":"https:\/\/www.ff-seebenstein.at\/index.php?rest_route=\/wp\/v2\/pages\/182\/revisions\/7528"}],"wp:attachment":[{"href":"https:\/\/www.ff-seebenstein.at\/index.php?rest_route=%2Fwp%2Fv2%2Fmedia&parent=182"}],"curies":[{"name":"wp","href":"https:\/\/api.w.org\/{rel}","templated":true}]}}