{"id":193,"date":"2011-03-26T17:44:47","date_gmt":"2011-03-26T17:44:47","guid":{"rendered":"http:\/\/www.ff-seebenstein.at\/?page_id=193"},"modified":"2024-09-08T08:02:23","modified_gmt":"2024-09-08T06:02:23","slug":"kontakt","status":"publish","type":"page","link":"https:\/\/www.ff-seebenstein.at\/?page_id=193","title":{"rendered":"Kontakt"},"content":{"rendered":"<p>Herausgeber:&nbsp;&nbsp;&nbsp; Freiwillige Feuerwehr Seebenstein<br \/>\nHauptstrasse 2<br \/>\n2824 Seebenstein<\/p>\n<p>Tel: 02627\/47777 (nicht st\u00e4ndig besetzt!)<br \/>\nFax: 02627\/47777<\/p>\n<p>email: seebenstein@feuerwehr.gv.at<\/p>\n<p>Bankverbindung: Freiwillige Feuerwehr Seebenstein \u2013 IBAN: AT95 2024 1005 0010 0219 \u2013 BIC: SPNGAT21XXX<\/p>\n<p>Kontonummer: 00500-100219 &#8211; BLZ: 20241 &#8211; Sparkasse Seebenstein<\/p>\n<p>Alle gewerblichen Schutz- und Urheberrechte hinsichtlich des gesamten Text und Bildmaterials o.\u00e4. auf dieser Site sind Eigentum der Freiwilligen Feuerwehr Seebenstein.<br \/>\nVervielf\u00e4ltigungen beliebiger Teile dieser Site d\u00fcrfen ohne R\u00fccksprache weder verkauft, gewerblich genutzt noch bearbeitet oder auf drucktechnischem bzw. elektronischem Weg in andere Werke oder Publikationen aufgenommen werden.<br \/>\nWeiters \u00fcbernehmen wir keine Haftung f\u00fcr die Inhalte der gelinkten Seiten.<\/p>\n\n<div class=\"wpcf7 no-js\" id=\"wpcf7-f420-o1\" lang=\"en-US\" dir=\"ltr\" data-wpcf7-id=\"420\">\n<div class=\"screen-reader-response\"><p role=\"status\" aria-live=\"polite\" aria-atomic=\"true\"><\/p> <ul><\/ul><\/div>\n<form action=\"\/index.php?rest_route=%2Fwp%2Fv2%2Fpages%2F193#wpcf7-f420-o1\" method=\"post\" class=\"wpcf7-form init\" aria-label=\"Contact form\" novalidate=\"novalidate\" data-status=\"init\">\n<fieldset class=\"hidden-fields-container\"><input type=\"hidden\" name=\"_wpcf7\" value=\"420\" \/><input type=\"hidden\" name=\"_wpcf7_version\" value=\"6.1.5\" \/><input type=\"hidden\" name=\"_wpcf7_locale\" value=\"en_US\" \/><input type=\"hidden\" name=\"_wpcf7_unit_tag\" value=\"wpcf7-f420-o1\" \/><input type=\"hidden\" name=\"_wpcf7_container_post\" value=\"0\" \/><input type=\"hidden\" name=\"_wpcf7_posted_data_hash\" value=\"\" \/>\n<\/fieldset>\n<p>Ihr Name (Pflichtfeld)\n<\/p>\n<p><span class=\"wpcf7-form-control-wrap\" data-name=\"your-name\"><input size=\"40\" maxlength=\"400\" class=\"wpcf7-form-control wpcf7-text wpcf7-validates-as-required\" aria-required=\"true\" aria-invalid=\"false\" value=\"\" type=\"text\" name=\"your-name\" \/><\/span>\n<\/p>\n<p>Ihre Email (Pflichtfeld)\n<\/p>\n<p><span class=\"wpcf7-form-control-wrap\" data-name=\"your-email\"><input size=\"40\" maxlength=\"400\" class=\"wpcf7-form-control wpcf7-email wpcf7-validates-as-required wpcf7-text wpcf7-validates-as-email\" aria-required=\"true\" aria-invalid=\"false\" value=\"\" type=\"email\" name=\"your-email\" \/><\/span>\n<\/p>\n<p>Betreff\n<\/p>\n<p><span class=\"wpcf7-form-control-wrap\" data-name=\"your-subject\"><input size=\"40\" maxlength=\"400\" class=\"wpcf7-form-control wpcf7-text\" aria-invalid=\"false\" value=\"\" type=\"text\" name=\"your-subject\" \/><\/span>\n<\/p>\n<p>Ihre Nachricht\n<\/p>\n<p><span class=\"wpcf7-form-control-wrap\" data-name=\"your-message\"><textarea cols=\"40\" rows=\"10\" maxlength=\"2000\" class=\"wpcf7-form-control wpcf7-textarea\" aria-invalid=\"false\" name=\"your-message\"><\/textarea><\/span>\n<\/p>\n<p><input class=\"wpcf7-form-control wpcf7-submit has-spinner\" type=\"submit\" value=\"Senden\" \/>\n<\/p><p style=\"display: none !important;\" class=\"akismet-fields-container\" data-prefix=\"_wpcf7_ak_\"><label>&#916;<textarea name=\"_wpcf7_ak_hp_textarea\" cols=\"45\" rows=\"8\" maxlength=\"100\"><\/textarea><\/label><input type=\"hidden\" id=\"ak_js_1\" name=\"_wpcf7_ak_js\" value=\"236\"\/><script>document.getElementById( \"ak_js_1\" ).setAttribute( \"value\", ( new Date() ).getTime() );<\/script><\/p><div class=\"wpcf7-response-output\" aria-hidden=\"true\"><\/div>\n<\/form>\n<\/div>\n\n","protected":false},"excerpt":{"rendered":"<p>Herausgeber:&nbsp;&nbsp;&nbsp; Freiwillige Feuerwehr Seebenstein Hauptstrasse 2 2824 Seebenstein Tel: 02627\/47777 (nicht st\u00e4ndig besetzt!) Fax: 02627\/47777 email: seebenstein@feuerwehr.gv.at Bankverbindung: Freiwillige Feuerwehr<\/p>\n","protected":false},"author":2,"featured_media":0,"parent":0,"menu_order":5,"comment_status":"closed","ping_status":"closed","template":"","meta":{"colormag_page_container_layout":"default_layout","colormag_page_sidebar_layout":"default_layout","ngg_post_thumbnail":0,"footnotes":""},"class_list":["post-193","page","type-page","status-publish","hentry"],"_links":{"self":[{"href":"https:\/\/www.ff-seebenstein.at\/index.php?rest_route=\/wp\/v2\/pages\/193","targetHints":{"allow":["GET"]}}],"collection":[{"href":"https:\/\/www.ff-seebenstein.at\/index.php?rest_route=\/wp\/v2\/pages"}],"about":[{"href":"https:\/\/www.ff-seebenstein.at\/index.php?rest_route=\/wp\/v2\/types\/page"}],"author":[{"embeddable":true,"href":"https:\/\/www.ff-seebenstein.at\/index.php?rest_route=\/wp\/v2\/users\/2"}],"replies":[{"embeddable":true,"href":"https:\/\/www.ff-seebenstein.at\/index.php?rest_route=%2Fwp%2Fv2%2Fcomments&post=193"}],"version-history":[{"count":12,"href":"https:\/\/www.ff-seebenstein.at\/index.php?rest_route=\/wp\/v2\/pages\/193\/revisions"}],"predecessor-version":[{"id":8875,"href":"https:\/\/www.ff-seebenstein.at\/index.php?rest_route=\/wp\/v2\/pages\/193\/revisions\/8875"}],"wp:attachment":[{"href":"https:\/\/www.ff-seebenstein.at\/index.php?rest_route=%2Fwp%2Fv2%2Fmedia&parent=193"}],"curies":[{"name":"wp","href":"https:\/\/api.w.org\/{rel}","templated":true}]}}