{"id":204,"date":"2011-03-26T17:52:06","date_gmt":"2011-03-26T17:52:06","guid":{"rendered":"http:\/\/www.ff-seebenstein.at\/?page_id=204"},"modified":"2011-03-26T17:52:06","modified_gmt":"2011-03-26T17:52:06","slug":"grundung","status":"publish","type":"page","link":"https:\/\/www.ff-seebenstein.at\/?page_id=204","title":{"rendered":"Gr\u00fcndung"},"content":{"rendered":"<div><span style=\"font-family: Comic Sans MS;\">Die Comit\u00e9- Mitglieder Caspar BAUMGARTNER, Franz POKORNY und Josef TRIMMEL haben f\u00fcr die Gr\u00fcndung einer Feuerwehr die Initiative ergriffen und nach einem schriftlichen Aufruf zum Eintritt in die Feuerwehr von 56 Personen von Seebenstein und Schiltern die schriftliche Zusage erhalten.<\/p>\n<p>Die handgeschriebenen Statuten wurden am <span style=\"text-decoration: underline;\">01.05.1892<\/span> genehmigt.<\/p>\n<p>Die erste Wahl der Kommandanten erfolgte am <span style=\"text-decoration: underline;\">15.05.1892.<\/span><\/p>\n<p><span style=\"text-decoration: underline;\">Gr\u00fcndungsmitglieder der FF Seebenstein 1892:<\/span><\/span><span style=\"font-family: Comic Sans MS;\">Caspar Baumgartner , Kaufmann &#8211; Franz Pokorny , B\u00e4ckermeister &#8211; Josef Trimmel , Zimmermeister &#8211; Franz Jeitler , Landwirt &#8211; Franz Grill , Zimmermann &#8211; Ludwig Lang , Maurer &#8211; Johann Ofenb\u00f6ck , Bauer &#8211; Johann Mock , Fabrikarbeiter &#8211; Johann Kunst , Bauer &#8211; Andreas Ehrenb\u00f6ck , Bauer &#8211; Josef Reifb\u00f6ck , Schuhmachermeister &#8211; Johann Beisteiner , Tagl\u00f6hner &#8211; Johann Kirner , Schneider &#8211; Johann Thurner , Bauer &#8211; Josef Schiefer , Schneidermeister &#8211; Franz K\u00f6gler , Fabrikarbeiter &#8211; Karl Stockert , Fabrikarbeiter &#8211; Franz Granner , B\u00e4ckergehilfe &#8211; Ferdinand Je\u00dfl , Wagnermeister &#8211; Karl Pinkl , Tagl\u00f6hner<\/span><\/p>\n<\/div>\n<p><span style=\"font-family: Comic Sans MS;\">Sebastian Grumb\u00f6ck , Zimmermann\u00a0 &#8211; Josef Ungersb\u00f6ck , Bauer &#8211; Josef Schiefer , Bauer &#8211; Johann Scherz , Bauer &#8211; August Bandl , Fabrikarbeiter &#8211; Peter Lechner , Schuhmachermeister &#8211; Johann Spanbl\u00f6chl , Fabrikarbeiter &#8211; Peter Jeitler , Schmied &#8211; Felix Ringhofer , Fabrikarbeiter &#8211; Johann Jeitler , Tagl\u00f6hner &#8211; Franz Groier , Fabrikarbeiter &#8211; Georg Ofenb\u00f6ck , Tagl\u00f6hner &#8211; Franz Haiden , Fabrikarbeiter &#8211; Johann Sinabell , Fabrikarbeiter &#8211; Johann Fuchs , Fabrikarbeiter &#8211; Anton Birnbauer , Fabrikarbeiter &#8211; Josef Birnbauer , Schneidermeister &#8211; Oswald Sch\u00f6n , Schmied &#8211; Wenzel Beisteiner , Bauer<\/p>\n<p><span style=\"text-decoration: underline;\">Das 1. Kommando der FF Seebenstein:<\/span><\/p>\n<p>Kommandant\u00a0 &#8212;\u00a0 Caspar Baumgartner<br \/>\nKommandant- Stellvertreter\u00a0 &#8212;\u00a0 Franz Pokorny<br \/>\nSchriftf\u00fchrer\u00a0 &#8212;\u00a0 Josef Grill<br \/>\nKassier\u00a0 &#8212;\u00a0 Wenzel Beisteiner<br \/>\nExerzier- Meister\u00a0 &#8212;\u00a0 Franz Grill<br \/>\nSpritzen- Meister\u00a0 &#8212;\u00a0 Josef Trimmel<br \/>\nSpritzen- Meister- Stellvertreter\u00a0 &#8212;\u00a0 Franz Jeitler<br \/>\nSteiger- Kommandanten\u00a0 &#8212;\u00a0 Ludwig Lang, Franz Grill, Josef Reifb\u00f6ck, Carl Schwarz<br \/>\nRequisiten- Meister\u00a0 &#8212;\u00a0 Oswald Sch\u00f6n<br \/>\nSchutzm.- Obmann\u00a0 &#8212;\u00a0 Oswald Sch\u00f6n<br \/>\nSchutzm.- Obmann- Stellvertreter\u00a0 &#8212;\u00a0 Johann Ofenb\u00f6ck<\/span><\/p>\n","protected":false},"excerpt":{"rendered":"<p>Die Comit\u00e9- Mitglieder Caspar BAUMGARTNER, Franz POKORNY und Josef TRIMMEL haben f\u00fcr die Gr\u00fcndung einer Feuerwehr die Initiative ergriffen und<\/p>\n","protected":false},"author":2,"featured_media":0,"parent":202,"menu_order":0,"comment_status":"closed","ping_status":"closed","template":"","meta":{"colormag_page_container_layout":"default_layout","colormag_page_sidebar_layout":"default_layout","ngg_post_thumbnail":0,"footnotes":""},"class_list":["post-204","page","type-page","status-publish","hentry"],"_links":{"self":[{"href":"https:\/\/www.ff-seebenstein.at\/index.php?rest_route=\/wp\/v2\/pages\/204","targetHints":{"allow":["GET"]}}],"collection":[{"href":"https:\/\/www.ff-seebenstein.at\/index.php?rest_route=\/wp\/v2\/pages"}],"about":[{"href":"https:\/\/www.ff-seebenstein.at\/index.php?rest_route=\/wp\/v2\/types\/page"}],"author":[{"embeddable":true,"href":"https:\/\/www.ff-seebenstein.at\/index.php?rest_route=\/wp\/v2\/users\/2"}],"replies":[{"embeddable":true,"href":"https:\/\/www.ff-seebenstein.at\/index.php?rest_route=%2Fwp%2Fv2%2Fcomments&post=204"}],"version-history":[{"count":1,"href":"https:\/\/www.ff-seebenstein.at\/index.php?rest_route=\/wp\/v2\/pages\/204\/revisions"}],"predecessor-version":[{"id":205,"href":"https:\/\/www.ff-seebenstein.at\/index.php?rest_route=\/wp\/v2\/pages\/204\/revisions\/205"}],"up":[{"embeddable":true,"href":"https:\/\/www.ff-seebenstein.at\/index.php?rest_route=\/wp\/v2\/pages\/202"}],"wp:attachment":[{"href":"https:\/\/www.ff-seebenstein.at\/index.php?rest_route=%2Fwp%2Fv2%2Fmedia&parent=204"}],"curies":[{"name":"wp","href":"https:\/\/api.w.org\/{rel}","templated":true}]}}