{"id":558,"date":"2012-03-01T20:51:32","date_gmt":"2012-03-01T20:51:32","guid":{"rendered":"http:\/\/www.ff-seebenstein.at\/?page_id=558"},"modified":"2012-05-08T04:42:20","modified_gmt":"2012-05-08T04:42:20","slug":"spendenabsetzbarkeit","status":"publish","type":"page","link":"https:\/\/www.ff-seebenstein.at\/?page_id=558","title":{"rendered":"Spendenabsetzbarkeit"},"content":{"rendered":"<p>Spendenbeg\u00fcnstigungen f\u00fcr Feuerwehren &#8211; INFO:<br \/>\n\u2022 Es sind Spenden beg\u00fcnstigt, die ab dem 1. J\u00e4nner 2012 gegeben werden (ma\u00dfgeblich Valutatag).<br \/>\n\u2022 Es sind nur Spenden an Freiwillige Feuerwehren und Landesfeuerwehrverb\u00e4nde beg\u00fcnstigt.<br \/>\n\u2022 Nicht beg\u00fcnstigt sind Spenden an Betriebsfeuerwehren (auch wenn freiwillig) und Berufsfeuerwehren.<br \/>\nEbenso nicht beg\u00fcnstigt sind Spenden an nahestehende Vereine (Kameradschaftsvereine, Museumsverein<br \/>\nu.\u00c4).<br \/>\n\u2022 Unterabschnittskommandanten, Abschnittsfeuerwehrkommanden oder Bezirksfeuerwehrkommanden u.\u00c4.<br \/>\nsind Teile (Untergliederungen) des Landesfeuerwehrverbandes und demnach ebenfalls<br \/>\nspendenbeg\u00fcnstigte Empf\u00e4nger.<br \/>\n\u2022 Der Spender kann w\u00e4hrend eines Kalenderjahres bis zu 10% seines Einkommens des Vorjahres (Netto<br \/>\nnach Abzug Sozialversicherung, sonstiger Werbungskosten und Sonderausgaben, aber vor Abzug von<br \/>\nLohn- und Einkommensteuer) steuerbeg\u00fcnstigt spenden. In diese 10% sind jedoch alle Spenden an<br \/>\nspendenbeg\u00fcnstigte Organisationen zusammen zu rechnen.<br \/>\n\u2022 Dem Spender ist eine Spendenquittung auszustellen, welche dieser auf Verlangen dem Finanzamt<br \/>\nvorzulegen hat. Die Spendenquittung muss jedenfalls aufweisen:<br \/>\n&#8211; Name (Vor- und Zuname oder firmenm\u00e4\u00dfige Bezeichnung) des Spenders<br \/>\n&#8211; Anschrift des Spenders<br \/>\n&#8211; Name des Spendenempf\u00e4ngers<br \/>\n&#8211; H\u00f6he der Spende<br \/>\n&#8211; Datum des Spendeneingangs<br \/>\nDer \u00f6sterreichische Bundesfeuerwehrverband hat dazu einen Spendenquittungsblock aufgelegt,<br \/>\nder \u00fcber den N\u00d6 Landesfeuerwehrverband, Langenlebarner Stra\u00dfe 108, 3430 Tulln an<br \/>\nder Donau oder beim \u00d6sterreichischen Bundesfeuerwehrverband, Siebenbrunnengasse 21\/3,<br \/>\n1050 Wien, Mail: office@bundesfeuerwehrverband.at; Tel: 01\/545 82 30 bezogen werden kann.<\/p>\n<p>\u2022 Die Spenden sind grunds\u00e4tzlich demjenigen zuzurechnen, der in der Spendenquittung als Spender<br \/>\naufscheint (dies hat insbes. Bedeutung, wenn von einem Konto \u00fcberwiesen wird, dass mehreren<br \/>\nPersonen zugerechnet wird).<br \/>\n\u2022 Die spendenempfangende Feuerwehr (Landesfeuerwehrverband) hat eine Abschrift der Spendenquittung<br \/>\n(blo\u00dfe Sammellisten oder \u00e4hnliche Spenderlisten gen\u00fcgen nicht) mindestens 7 Kalenderjahre, Jahr der<br \/>\nAusstellung nicht mitgerechnet, aufzubewahren.<br \/>\n\u2022 Bei Barspenden ist die Spendenquittung von dem Feuerwehrmitglied, das die Spende entgegen nimmt<br \/>\n(muss nicht notwendigerweise Kommandant oder sonstiger Funktionstr\u00e4ger sein), zu unterschreiben.<br \/>\n\u2022 Bei Spenden im Bank\u00fcberweisungsverkehr reicht die Vorlage eines abgestempelten Erlagscheins oder<br \/>\nelektronischen Belegs; die Finanzbeh\u00f6rde kann jedoch einen gesonderten Nachweis (z.B. Vorlage<br \/>\nKontoauszug \u00fcber Kontobewegungen) verlangen, dass der Spendenbetrag tats\u00e4chlich entweder beim<br \/>\nSpendenempf\u00e4nger eingelangt ist oder beim Spender tats\u00e4chlich abgeflossen ist.<br \/>\n\u2022 Sachspenden sind nur von betrieblichen Spendern m\u00f6glich und mit dem gemeinen Wert zu beziffern. Es<br \/>\nreicht, wenn der Erhalt der Sachspende best\u00e4tigt wird, die Bewertung f\u00e4llt in den Bereich des Spenders.<br \/>\n\u2022 Die Spenden d\u00fcrfen nur zur Erf\u00fcllung der gesetzlichen Aufgaben der Feuerwehren (Feuer- und<br \/>\nGefahrenpolizei einschl. Katastrophenschutz) verwendet werden. Anders als andere spendenbeg\u00fcnstigte<br \/>\nOrganisationen ben\u00f6tigen Feuerwehren keine j\u00e4hrlich Best\u00e4tigung eines Wirtschaftstreuh\u00e4nders, dass in<br \/>\nden vergangenen drei Jahren, ausschlie\u00dflich beg\u00fcnstigte T\u00e4tigkeiten vorgenommen wurden. Der<br \/>\nGesetzgeber geht vielmehr davon aus, dass Feuerwehren und Landesfeuerwehrverb\u00e4nde samt<br \/>\nUntergliederungen als K\u00f6rperschaft des \u00f6ffentlichen Rechts sich streng an die f\u00fcr sie ma\u00dfgebenden<br \/>\nGesetze halten und ausreichend von \u00f6ffentlichen Organen (Landesrechnungsh\u00f6fe, Kontrollorgane der<br \/>\nGemeinden (Pr\u00fcfungsaussch\u00fcsse) und der internen Kontrolle (Kassapr\u00fcfer, Rechnungspr\u00fcfer, Kontrolle<br \/>\nim Rahmen der dienstlichen Inspektionen) gepr\u00fcft werden.<\/p>\n<p>Bankverbindung:<\/p>\n<p><strong><span style=\"color: #800000;\">Freiwillige Feuerwehr Seebenstein \u2013 IBAN: AT95 2024 1005 0010 0219 \u2013 BIC: SPNGAT21XXX<\/span><\/strong><\/p>\n<p><strong><span style=\"color: #800000;\">Kontonummer: 00500-100219 &#8211; BLZ: 20241 &#8211; Sparkasse Seebenstein<\/span><\/strong><\/p>\n","protected":false},"excerpt":{"rendered":"<p>Spendenbeg\u00fcnstigungen f\u00fcr Feuerwehren &#8211; INFO: \u2022 Es sind Spenden beg\u00fcnstigt, die ab dem 1. J\u00e4nner 2012 gegeben werden (ma\u00dfgeblich Valutatag).<\/p>\n","protected":false},"author":2,"featured_media":0,"parent":202,"menu_order":1,"comment_status":"closed","ping_status":"open","template":"","meta":{"colormag_page_container_layout":"default_layout","colormag_page_sidebar_layout":"default_layout","ngg_post_thumbnail":0,"footnotes":""},"class_list":["post-558","page","type-page","status-publish","hentry"],"_links":{"self":[{"href":"https:\/\/www.ff-seebenstein.at\/index.php?rest_route=\/wp\/v2\/pages\/558","targetHints":{"allow":["GET"]}}],"collection":[{"href":"https:\/\/www.ff-seebenstein.at\/index.php?rest_route=\/wp\/v2\/pages"}],"about":[{"href":"https:\/\/www.ff-seebenstein.at\/index.php?rest_route=\/wp\/v2\/types\/page"}],"author":[{"embeddable":true,"href":"https:\/\/www.ff-seebenstein.at\/index.php?rest_route=\/wp\/v2\/users\/2"}],"replies":[{"embeddable":true,"href":"https:\/\/www.ff-seebenstein.at\/index.php?rest_route=%2Fwp%2Fv2%2Fcomments&post=558"}],"version-history":[{"count":5,"href":"https:\/\/www.ff-seebenstein.at\/index.php?rest_route=\/wp\/v2\/pages\/558\/revisions"}],"predecessor-version":[{"id":626,"href":"https:\/\/www.ff-seebenstein.at\/index.php?rest_route=\/wp\/v2\/pages\/558\/revisions\/626"}],"up":[{"embeddable":true,"href":"https:\/\/www.ff-seebenstein.at\/index.php?rest_route=\/wp\/v2\/pages\/202"}],"wp:attachment":[{"href":"https:\/\/www.ff-seebenstein.at\/index.php?rest_route=%2Fwp%2Fv2%2Fmedia&parent=558"}],"curies":[{"name":"wp","href":"https:\/\/api.w.org\/{rel}","templated":true}]}}